{"id":53,"date":"2023-12-18T20:00:15","date_gmt":"2023-12-18T12:00:15","guid":{"rendered":"https:\/\/www.mjcc.org.mo\/ja\/?page_id=53"},"modified":"2023-12-30T17:18:20","modified_gmt":"2023-12-30T09:18:20","slug":"introduction","status":"publish","type":"page","link":"https:\/\/www.mjcc.org.mo\/ja\/introduction\/","title":{"rendered":"\u5f53\u4f1a\u6982\u8981"},"content":{"rendered":"\n<div class=\"wp-block-group\"><div class=\"wp-block-group__inner-container is-layout-flow wp-block-group-is-layout-flow\">\n<p class=\"has-text-align-center is-style-d-inline-block is-style-badge has-liquid-theme-background-color has-text-color has-background\" style=\"color:#ffffff;font-size:16px\">\u540d\u79f0<\/p>\n\n\n\n<p>\u4e2d\u56fd\u8a9e\uff1a\u3000\u3000\u3000\u6fb3\u9580\u65e5\u672c\u5546\u6703<br>\u65e5\u672c\u8a9e\uff1a\u3000\u3000\u3000\u6fb3\u9580\u65e5\u672c\u5546\u4f1a\uff08\u30de\u30ab\u30aa\u65e5\u672c\u5546\u5de5\u4f1a\u8b70\u6240\uff09<br>\u82f1\u8a9e\uff1a\u3000\u3000\u3000\u3000Macao-Japan Chamber of Commerce<br>\u30dd\u30eb\u30c8\u30ac\u30eb\u8a9e\uff1aC\u00e2mara de Com\u00e9rcio Macau-Jap\u00e3o&nbsp;<\/p>\n\n\n\n<p class=\"has-text-align-center is-style-d-inline-block is-style-badge has-liquid-theme-background-color has-text-color has-background\" style=\"color:#ffffff;font-size:16px\">\u76ee\u7684<\/p>\n\n\n\n<p>\u5f53\u5354\u4f1a\u306f2011\u5e7410\u670827\u65e5\u306b\u8a2d\u7acb\u3055\u308c\u3001\u4f1a\u54e1\u4f01\u696d\u9593\u306e\u7d4c\u6e08\u4ea4\u6d41\u306e\u4fc3\u9032\u30fb\u652f\u63f4\u30fb\u4fbf\u5b9c\u306e\u63d0\u4f9b\u3092\u901a\u3058\u3001\u30de\u30ab\u30aa\u30fb\u65e5\u672c\u30fb\u73e0\u6c5f\u30c7\u30eb\u30bf\u5730\u57df\u9593\u306e\u8cbf\u6613\u3068\u6295\u8cc7\u306e\u4fc3\u9032\u3092\u56f3\u308b\u3068\u3068\u3082\u306b\u3001\u4f1a\u54e1\u306e\u30d3\u30b8\u30cd\u30b9\u3068\u7d4c\u6e08\u7684\u5229\u76ca\u3092\u4fdd\u8b77\u30fb\u9867\u616e\u3059\u308b\u3053\u3068\u3092\u76ee\u7684\u3068\u3057\u3066\u3044\u307e\u3059\u3002 \u5f53\u5354\u4f1a\u306f\u3001\u65e5\u4e2d\u9593\u306e\u7d4c\u6e08\u4ea4\u6d41\u3068\u53cb\u597d\u95a2\u4fc2\u306e\u4fc3\u9032\u3092\u76ee\u7684\u3068\u3059\u308b\u975e\u653f\u6cbb\u30fb\u975e\u55b6\u5229\u56e3\u4f53\u3067\u3059\u3002<\/p>\n\n\n\n<p class=\"has-text-align-center is-style-d-inline-block is-style-badge has-liquid-theme-background-color has-text-color has-background\" style=\"color:#ffffff;font-size:16px\">\u4efb\u52d9\u53ca\u3073\u6d3b\u52d5<\/p>\n\n\n\n<p>1. \u4f1a\u54e1\u9593\u306e\u53cb\u597d\u4ea4\u6d41\u4fc3\u9032\u3001\u4f1a\u54e1\u5171\u901a\u306e\u5229\u76ca\u4fdd\u8b77<br>2. \u4e2d\u56fd\u5185\u5916\u306e\u95a2\u9023\u56e3\u4f53\u3068\u306e\u4ea4\u6d41<br>3. \u4f1a\u54e1\u306e\u4e8b\u696d\u6d3b\u52d5\u306b\u5bfe\u3059\u308b\u652f\u63f4\u304a\u3088\u3073\u4fbf\u5b9c\u306e\u63d0\u4f9b<br>4. \u4f1a\u306e\u76ee\u7684\u306e\u5897\u9032\u306b\u3064\u306a\u304c\u308b\u5404\u7a2e\u30a4\u30d9\u30f3\u30c8\u306e\u5b9f\u65bd<\/p>\n\n\n\n<p class=\"has-text-align-center is-style-d-inline-block is-style-badge has-liquid-theme-background-color has-text-color has-background\" style=\"color:#ffffff;font-size:16px\">\u4f1a\u54e1\u8cc7\u683c<\/p>\n\n\n\n<p>\u6cd5\u4eba\u4f1a\u54e1\uff1a\u30de\u30ab\u30aa\u7279\u5225\u884c\u653f\u533a\u3001\u65e5\u672c\u307e\u305f\u306f\u4ed6\u306e\u56fd\u30fb\u5730\u57df\u306e\u4f01\u696d\u3084\u30d6\u30e9\u30f3\u30c9\u3067\u3001\u5f53\u4f1a\u306e\u76ee\u7684\u306b\u8cdb\u540c\u3057\u3001\u7406\u4e8b\u4f1a\u304c\u627f\u8a8d\u3057\u305f\u5834\u5408\u306b\u5165\u4f1a\u3067\u304d\u307e\u3059\u3002<\/p>\n\n\n\n<p class=\"has-text-align-center is-style-d-inline-block is-style-badge has-liquid-theme-background-color has-text-color has-background\" style=\"color:#ffffff;font-size:16px\">\u5e74\u4f1a\u8cbb<\/p>\n\n\n\n<p>\u5f53\u4f1a\u306e\u904b\u55b6\u306b\u5fc5\u8981\u306a\u8cc7\u91d1\u306f\u4f1a\u54e1\u304b\u3089\u306e\u5e74\u4f1a\u8cbb\u306b\u3088\u3063\u3066\u307e\u304b\u306a\u308f\u308c\u3066\u3044\u307e\u3059\u3002<br>\u6cd5\u4eba\u4f1a\u8cbb\uff1a MOP500\uff0f\u6bce\u5e74<\/p>\n\n\n\n<p class=\"has-text-align-center is-style-d-inline-block is-style-badge has-liquid-theme-background-color has-text-color has-background\" style=\"color:#ffffff;font-size:16px\">\u4f1a\u54e1\u6570<\/p>\n\n\n\n<p>\u7d0470\u793e\uff08\u65e5\u672c\u4eba\u7d4c\u55b610\u793e\u4ee5\u4e0a\u542b\u3080\uff09<\/p>\n\n\n\n<p class=\"has-text-align-center is-style-d-inline-block is-style-badge has-liquid-theme-background-color has-text-color has-background\" style=\"color:#ffffff;font-size:16px\">\u5b9a\u6b3e<\/p>\n\n\n\n<p><a href=\"https:\/\/www.io.gov.mo\/cn\/entities\/priv\/rec\/3342\" target=\"_blank\" rel=\"noreferrer noopener\">\u3053\u3061\u3089<\/a>\u306e\u30da\u30fc\u30b8\uff08\u30de\u30ab\u30aa\u653f\u5e9c\u5370\u52d9\u5c40\uff09\u306b\u3066\u78ba\u8a8d\u3044\u305f\u3060\u3051\u307e\u3059\u3002*\u4e2d\u56fd\u8a9e\u307e\u305f\u306f\u30dd\u30eb\u30c8\u30ac\u30eb\u8a9e<\/p>\n<\/div><\/div>\n\n\n\n<p class=\"has-text-align-right\"><small>*\u66f4\u65b0\u65e5\uff1a<\/small><small>2023\u5e7412\u67081\u65e5<\/small><\/p>\n","protected":false},"excerpt":{"rendered":"<p>\u540d\u79f0 \u4e2d\u56fd\u8a9e\uff1a\u3000\u3000\u3000\u6fb3\u9580\u65e5\u672c\u5546\u6703\u65e5\u672c\u8a9e\uff1a\u3000\u3000\u3000\u6fb3\u9580\u65e5\u672c\u5546\u4f1a\uff08\u30de\u30ab\u30aa\u65e5\u672c\u5546\u5de5\u4f1a\u8b70\u6240\uff09\u82f1\u8a9e\uff1a\u3000\u3000\u3000\u3000Macao-Japan Chamber of Commerce\u30dd\u30eb\u30c8\u30ac\u30eb\u8a9e\uff1aC\u00e2mara de Com\u00e9rcio Macau&#8230;<\/p>\n","protected":false},"author":1,"featured_media":78,"parent":0,"menu_order":0,"comment_status":"closed","ping_status":"closed","template":"","meta":{"footnotes":""},"tags":[],"class_list":["post-53","page","type-page","status-publish","has-post-thumbnail","hentry"],"_links":{"self":[{"href":"https:\/\/www.mjcc.org.mo\/ja\/wp-json\/wp\/v2\/pages\/53"}],"collection":[{"href":"https:\/\/www.mjcc.org.mo\/ja\/wp-json\/wp\/v2\/pages"}],"about":[{"href":"https:\/\/www.mjcc.org.mo\/ja\/wp-json\/wp\/v2\/types\/page"}],"author":[{"embeddable":true,"href":"https:\/\/www.mjcc.org.mo\/ja\/wp-json\/wp\/v2\/users\/1"}],"replies":[{"embeddable":true,"href":"https:\/\/www.mjcc.org.mo\/ja\/wp-json\/wp\/v2\/comments?post=53"}],"version-history":[{"count":13,"href":"https:\/\/www.mjcc.org.mo\/ja\/wp-json\/wp\/v2\/pages\/53\/revisions"}],"predecessor-version":[{"id":225,"href":"https:\/\/www.mjcc.org.mo\/ja\/wp-json\/wp\/v2\/pages\/53\/revisions\/225"}],"wp:featuredmedia":[{"embeddable":true,"href":"https:\/\/www.mjcc.org.mo\/ja\/wp-json\/wp\/v2\/media\/78"}],"wp:attachment":[{"href":"https:\/\/www.mjcc.org.mo\/ja\/wp-json\/wp\/v2\/media?parent=53"}],"wp:term":[{"taxonomy":"post_tag","embeddable":true,"href":"https:\/\/www.mjcc.org.mo\/ja\/wp-json\/wp\/v2\/tags?post=53"}],"curies":[{"name":"wp","href":"https:\/\/api.w.org\/{rel}","templated":true}]}}